{"id":561,"date":"2022-03-10T12:53:16","date_gmt":"2022-03-10T12:53:16","guid":{"rendered":"http:\/\/kfeholding.com\/pl\/?page_id=561"},"modified":"2023-08-21T10:22:26","modified_gmt":"2023-08-21T10:22:26","slug":"kontakt","status":"publish","type":"page","link":"https:\/\/kfeholding.com\/pl\/kontakt\/","title":{"rendered":"Kontakt"},"content":{"rendered":"<div\n\t\t\t\n\t\t\tclass=\"so-widget-contact-form so-widget-contact-form-base\"\n\t\t\t\n\t\t><div class=\"section\" id=\"section-contact\">\n    <form class=\"c-form\" @submit.prevent=\"sendContactForm()\">\n        <div class=\"container\">\n            <div class=\"row\">\n                <!--pre {{ $v.form }}-->\n                <div class=\"col-xs-12 col-md-10 col-lg-8 offset-md-1 offset-lg-2\">\n                    <div class=\"c-section-header\">\n                        <span class=\"c-section-header__subtitle\">Formularz kontaktowy<\/span>\n                        <h2 class=\"c-section-header__title\">Napisz nam, co mo\u017cemy Ci lepiej wyja\u015bni\u0107<\/h2>\n                    <\/div>\n                    <div class=\"row\">\n                        <div class=\"col-xs-12 col-md-6\">\n\t\t\t\t\t\t\t<label class=\"ohnohoney\" for=\"name\"><\/label>\n\t\t\t\t\t\t\t<input class=\"ohnohoney\" autocomplete=\"off\" type=\"text\" id=\"name\" name=\"name\" placeholder=\"Your name here\">\n\t\t\t\t\t\t\t<label class=\"ohnohoney\" for=\"email\"><\/label>\n\t\t\t\t\t\t\t<input class=\"ohnohoney\" autocomplete=\"off\" type=\"email\" id=\"email\" name=\"email\" placeholder=\"Your e-mail here\">\n                            <div class=\"c-input\" :class=\"{'c-input--invalid' : $v.form.name.$error , 'c-input--has-value' : form.name }\" >\n                                <div class=\"c-input__slot\"><input class=\"c-input__input\" type=\"text\" name=\"name\" v-model=\"form.name\" @input=\"delayTouch($v.form.name)\" @focus=\"onFocus($event)\" @blur=\"onBlur($event,$v.form.name)\" \/><span class=\"c-input__placeholder\">Imi\u0119<\/span><\/div>\n                                <p v-if=\"!validations.form.name.required\">{{ validations.form.name.required }}<\/p>\n                            <\/div>\n                        <\/div>\n                        <div class=\"col-xs-12 col-md-6\">\n\n                            <div class=\"c-input\" :class=\"{'c-input--invalid' : $v.form.number.$error ,'c-input--has-value' : form.number}\">\n                                <div class=\"c-input__slot\"><input class=\"c-input__input\" type=\"text\" name=\"Phone number\" v-model=\"form.number\" @input=\"delayTouch($v.form.number)\" @focus=\"onFocus($event)\" @blur=\"onBlur($event,$v.form.number)\" \/><span class=\"c-input__placeholder\">Numer telefonu<\/span><\/div>\n<!--                                <p v-if=\"!$v.name.required\">{{ errormessages }}<\/p>-->\n                            <\/div>\n                        <\/div>\n                        <div class=\"col-xs-12 col-md-12\">\n\n                            <div class=\"c-input\" :class=\"{'c-input--invalid' : $v.form.email.$error , 'c-input--has-value' : form.email }\">\n                                <div class=\"c-input__slot\"><input class=\"c-input__input\" type=\"text\" name=\"Email\" v-model=\"form.email\" @input=\"delayTouch($v.form.email)\" @focus=\"onFocus($event)\" @blur=\"onBlur($event,$v.form.email)\" \/><span class=\"c-input__placeholder\">Email<\/span><\/div>\n<!--                                <p v-if=\"!$v.name.required\">{{ errormessages }}<\/p>-->\n                            <\/div>\n                        <\/div>\n                        <div class=\"col-xs-12 col-md-12\">\n                            <div class=\"c-input c-input--textarea\" :class=\"{'c-input--invalid' : $v.form.message.$error , 'c-input--has-value' : form.message  }\">\n                                <div class=\"c-input__slot\"><textarea id=\"autoresizing\" class=\"c-input__input\" type=\"Message\" name=\"Message\" v-model=\"form.message\"  @input=\"delayTouch($v.form.message)\" @focus=\"onFocus($event)\" @blur=\"onBlur($event,$v.form.message)\" ><\/textarea><span class=\"c-input__placeholder\">Wiadomo\u015b\u0107<\/span><\/div>\n                            <\/div>\n                        <\/div>\n                    <\/div>\n\n\t\t\t\t\t\t<button class=\"c-button\" :class=\"{'is-disabled' : $v.form.$invalid}\" type=\"submit\">\n\t\t\t\t\t\t\t<div class=\"c-button__content\">Wy\u015blij wiadomo\u015b\u0107<\/div>\n\t\t\t\t\t\t<\/button>\n\t\t\t\t\t<transition name=\"fade\">\n\t\t\t\t\t\t<div class=\"success\" v-show=\"showSuccess\">\n\t\t\t\t\t\t\t<h4 class=\"success__text\">Dzi\u0119kujemy za wys\u0142anie wiadomo\u015bci.<\/h4>\n\t\t\t\t\t\t<\/div>\n\t\t\t\t\t<\/transition>\n                <\/div>\n            <\/div>\n        <\/div>\n    <\/form>\n<\/div>\n<\/div>\n\n<div\n\t\t\t\n\t\t\tclass=\"so-widget-contact-card so-widget-contact-card-base\"\n\t\t\t\n\t\t>\n<div class=\"section section--last\" id=\"details\">\n\t<div class=\"container\">\n\t\t<div class=\"c-countries__bgi c-countries__bgi--cards\" :style=\"{ 'background-image': 'url(https:\/\/kfeholding.com\/pl\/wp-content\/uploads\/sites\/3\/2022\/10\/flag-bgi-sm.webp' }\"><\/div>\n\t\t<div>\n\t\t\t<div class=\"row\">\n\t\t\t\t<div class=\"col-xs-12 col-md-10 col-lg-8 offset-md-1 offset-lg-2\">\n\t\t\t\t\t<div class=\"c-section-about\">\n\t\t\t\t\t\t<div class=\"c-section-about__description c-section-about__description--countries\">\n\t\t\t\t\t\t\t<span class=\"c-section-about__subtitle c-section-about__subtitle--countries\">Jeste\u015bmy blisko Ciebie<\/span>\n\t\t\t\t\t\t\t<h2 class=\"c-section-about__title c-section-about__title--countries title\">Dowiedz si\u0119, gdzie mo\u017cesz nas odwiedzi\u0107<\/h2>\n\t\t\t\t\t\t\t<p class=\"c-section-about__text c-section-about__text--countries\">Je\u015bli wolisz bezpo\u015bredni kontakt, to znajdziesz nasze biuro w sze\u015bciu miastach europejskich. <\/p>\n\t\t\t\t\t\t<\/div>\n\t\t\t\t\t<\/div>\n\t\t\t\t<\/div>\n\t\t\t<\/div>\n    \t\t<div class=\"contact-wrapper\">\n\n\t\t\t\t\t\t\t\t\t\t<div class=\"c-card c-card--contact\">\n\t\t\t\t\t\t\t<h3 class=\"c-card__title\">Warszawa, Polska<\/h3>\n\t\t\t\t\t\t\t<p class=\"c-card__text c-card__text--address\">Czerniakowska 71, 00-718 Warszawa<\/p>\n<!--\t\t\t\t\t\t\t<p class=\"c-card__text c-card__text--phone\">Tel.: --><!--<\/p>-->\n\t\t\t\t\t\t\t<a class=\"link\" target=\"_blank\" href=\"http:\/\/maps.google.com\/?q=Warszawa, Polska Czerniakowska 71, 00-718 Warszawa\" > Poka\u017c na mapie<\/a>\n\t\t\t\t\t\t<\/div>\n\n\t\t\t\t\t\t\t\t\t\t\t\t<div class=\"c-card c-card--contact\">\n\t\t\t\t\t\t\t<h3 class=\"c-card__title\">Rzesz\u00f3w, Polska<\/h3>\n\t\t\t\t\t\t\t<p class=\"c-card__text c-card__text--address\">Mochnackiego 25\/6, 35-016 Rzesz\u00f3w<\/p>\n<!--\t\t\t\t\t\t\t<p class=\"c-card__text c-card__text--phone\">Tel.: --><!--<\/p>-->\n\t\t\t\t\t\t\t<a class=\"link\" target=\"_blank\" href=\"http:\/\/maps.google.com\/?q=Rzesz\u00f3w, Polska Mochnackiego 25\/6, 35-016 Rzesz\u00f3w\" > Poka\u017c na mapie<\/a>\n\t\t\t\t\t\t<\/div>\n\n\t\t\t\t\t\t\t\t\t\t\t\t<div class=\"c-card c-card--contact\">\n\t\t\t\t\t\t\t<h3 class=\"c-card__title\">Bi\u0142goraj, Polska<\/h3>\n\t\t\t\t\t\t\t<p class=\"c-card__text c-card__text--address\">Krzeszowska 55d, 23-400 Bi\u0142goraj<\/p>\n<!--\t\t\t\t\t\t\t<p class=\"c-card__text c-card__text--phone\">Tel.: --><!--<\/p>-->\n\t\t\t\t\t\t\t<a class=\"link\" target=\"_blank\" href=\"http:\/\/maps.google.com\/?q=Bi\u0142goraj, Polska Krzeszowska 55d, 23-400 Bi\u0142goraj\" > Poka\u017c na mapie<\/a>\n\t\t\t\t\t\t<\/div>\n\n\t\t\t\t\t\t\t\t\t\t\t\t<div class=\"c-card c-card--contact\">\n\t\t\t\t\t\t\t<h3 class=\"c-card__title\">Pary\u017c, Francja<\/h3>\n\t\t\t\t\t\t\t<p class=\"c-card__text c-card__text--address\">42 Rue Monge, 75005 Pary\u017c<\/p>\n<!--\t\t\t\t\t\t\t<p class=\"c-card__text c-card__text--phone\">Tel.: --><!--<\/p>-->\n\t\t\t\t\t\t\t<a class=\"link\" target=\"_blank\" href=\"http:\/\/maps.google.com\/?q=Pary\u017c, Francja 42 Rue Monge, 75005 Pary\u017c\" > Poka\u017c na mapie<\/a>\n\t\t\t\t\t\t<\/div>\n\n\t\t\t\t\t\t\t\t\t\t\t\t<div class=\"c-card c-card--contact\">\n\t\t\t\t\t\t\t<h3 class=\"c-card__title\">Bruksela, Belgia<\/h3>\n\t\t\t\t\t\t\t<p class=\"c-card__text c-card__text--address\">Rond Point Robert Schuman 11, 1040 Bruksela<\/p>\n<!--\t\t\t\t\t\t\t<p class=\"c-card__text c-card__text--phone\">Tel.: --><!--<\/p>-->\n\t\t\t\t\t\t\t<a class=\"link\" target=\"_blank\" href=\"http:\/\/maps.google.com\/?q=Bruksela, Belgia Rond Point Robert Schuman 11, 1040 Bruksela\" > Poka\u017c na mapie<\/a>\n\t\t\t\t\t\t<\/div>\n\n\t\t\t\t\t\t\t\t\t\t\t\t<div class=\"c-card c-card--contact\">\n\t\t\t\t\t\t\t<h3 class=\"c-card__title\">Monachium, Niemcy<\/h3>\n\t\t\t\t\t\t\t<p class=\"c-card__text c-card__text--address\">T\u00f6lzer Str. 1, 82031 Gr\u00fcnwald, Okr\u0119g Monachium<\/p>\n<!--\t\t\t\t\t\t\t<p class=\"c-card__text c-card__text--phone\">Tel.: --><!--<\/p>-->\n\t\t\t\t\t\t\t<a class=\"link\" target=\"_blank\" href=\"http:\/\/maps.google.com\/?q=Monachium, Niemcy T\u00f6lzer Str. 1, 82031 Gr\u00fcnwald, Okr\u0119g Monachium\" > Poka\u017c na mapie<\/a>\n\t\t\t\t\t\t<\/div>\n\n\t\t\t\t\t\t\n    <!--    <div class=\"col-xs-12 col-md-6 col-lg-4 offset-lg-2\">-->\n    <!--        -->\n    <!--        <div class=\"c-card c-card--contact\">-->\n    <!--            <h1 class=\"c-card__title\">Paris, France<\/h1>-->\n    <!--            <p class=\"c-card__text c-card__text--address\">42 rue Monge, 75005 Paris<\/p>-->\n    <!--            <p class=\"c-card__text c-card__text--phone\">Tel.: +33 1 46 34 73 42<\/p>-->\n    <!--            <CButton link=\"link\">Show on map<\/CButton>-->\n    <!--        <\/div>-->\n    <!--    <\/div>-->\n    <\/div>\n\t\t<\/div>\n\t<\/div>\n<\/div>\n<\/div>","protected":false},"excerpt":{"rendered":"","protected":false},"author":1,"featured_media":1591,"parent":0,"menu_order":0,"comment_status":"closed","ping_status":"closed","template":"","meta":{"_acf_changed":false,"footnotes":""},"class_list":["post-561","page","type-page","status-publish","has-post-thumbnail","hentry"],"acf":[],"yoast_head":"<!-- This site is optimized with the Yoast SEO plugin v27.3 - https:\/\/yoast.com\/product\/yoast-seo-wordpress\/ -->\n<title>Kontakt | KFE Holding<\/title>\n<meta name=\"description\" content=\"Porozmawiajmy o mo\u017cliwo\u015bciach wsp\u00f3\u0142pracy. Napisz, zadzwo\u0144 lub odwied\u017a nasze biuro. Skontaktuj si\u0119 z nami!\" \/>\n<meta name=\"robots\" content=\"index, follow, max-snippet:-1, max-image-preview:large, max-video-preview:-1\" \/>\n<meta property=\"og:locale\" content=\"en_US\" \/>\n<meta property=\"og:type\" content=\"article\" \/>\n<meta property=\"og:title\" content=\"Kontakt | KFE Holding\" \/>\n<meta property=\"og:description\" content=\"Porozmawiajmy o mo\u017cliwo\u015bciach wsp\u00f3\u0142pracy. Napisz, zadzwo\u0144 lub odwied\u017a nasze biuro. Skontaktuj si\u0119 z nami!\" \/>\n<meta property=\"og:url\" content=\"https:\/\/kfeholding.com\/pl\/kontakt\/\" \/>\n<meta property=\"og:site_name\" content=\"PL\" \/>\n<meta property=\"article:modified_time\" content=\"2023-08-21T10:22:26+00:00\" \/>\n<meta property=\"og:image\" content=\"http:\/\/kfeholding.com\/pl\/wp-content\/uploads\/sites\/3\/2023\/04\/Event-Team-KFE-Holding.webp\" \/>\n\t<meta property=\"og:image:width\" content=\"1620\" \/>\n\t<meta property=\"og:image:height\" content=\"1000\" \/>\n\t<meta property=\"og:image:type\" content=\"image\/webp\" \/>\n<meta name=\"twitter:card\" content=\"summary_large_image\" \/>\n<script type=\"application\/ld+json\" class=\"yoast-schema-graph\">{\"@context\":\"https:\\\/\\\/schema.org\",\"@graph\":[{\"@type\":\"WebPage\",\"@id\":\"https:\\\/\\\/kfeholding.com\\\/pl\\\/kontakt\\\/\",\"url\":\"https:\\\/\\\/kfeholding.com\\\/pl\\\/kontakt\\\/\",\"name\":\"Kontakt | KFE Holding\",\"isPartOf\":{\"@id\":\"https:\\\/\\\/kfeholding.com\\\/pl\\\/#website\"},\"primaryImageOfPage\":{\"@id\":\"https:\\\/\\\/kfeholding.com\\\/pl\\\/kontakt\\\/#primaryimage\"},\"image\":{\"@id\":\"https:\\\/\\\/kfeholding.com\\\/pl\\\/kontakt\\\/#primaryimage\"},\"thumbnailUrl\":\"https:\\\/\\\/kfeholding.com\\\/pl\\\/wp-content\\\/uploads\\\/sites\\\/3\\\/2023\\\/04\\\/Event-Team-KFE-Holding.webp\",\"datePublished\":\"2022-03-10T12:53:16+00:00\",\"dateModified\":\"2023-08-21T10:22:26+00:00\",\"description\":\"Porozmawiajmy o mo\u017cliwo\u015bciach wsp\u00f3\u0142pracy. Napisz, zadzwo\u0144 lub odwied\u017a nasze biuro. Skontaktuj si\u0119 z nami!\",\"breadcrumb\":{\"@id\":\"https:\\\/\\\/kfeholding.com\\\/pl\\\/kontakt\\\/#breadcrumb\"},\"inLanguage\":\"en-US\",\"potentialAction\":[{\"@type\":\"ReadAction\",\"target\":[\"https:\\\/\\\/kfeholding.com\\\/pl\\\/kontakt\\\/\"]}]},{\"@type\":\"ImageObject\",\"inLanguage\":\"en-US\",\"@id\":\"https:\\\/\\\/kfeholding.com\\\/pl\\\/kontakt\\\/#primaryimage\",\"url\":\"https:\\\/\\\/kfeholding.com\\\/pl\\\/wp-content\\\/uploads\\\/sites\\\/3\\\/2023\\\/04\\\/Event-Team-KFE-Holding.webp\",\"contentUrl\":\"https:\\\/\\\/kfeholding.com\\\/pl\\\/wp-content\\\/uploads\\\/sites\\\/3\\\/2023\\\/04\\\/Event-Team-KFE-Holding.webp\",\"width\":1620,\"height\":1000,\"caption\":\"Cz\u0142onkowie zespo\u0142u KFE Holding podczas eventu\"},{\"@type\":\"BreadcrumbList\",\"@id\":\"https:\\\/\\\/kfeholding.com\\\/pl\\\/kontakt\\\/#breadcrumb\",\"itemListElement\":[{\"@type\":\"ListItem\",\"position\":1,\"name\":\"Home\",\"item\":\"https:\\\/\\\/kfeholding.com\\\/pl\\\/\"},{\"@type\":\"ListItem\",\"position\":2,\"name\":\"Kontakt\"}]},{\"@type\":\"WebSite\",\"@id\":\"https:\\\/\\\/kfeholding.com\\\/pl\\\/#website\",\"url\":\"https:\\\/\\\/kfeholding.com\\\/pl\\\/\",\"name\":\"PL\",\"description\":\"Just another WordPress site\",\"potentialAction\":[{\"@type\":\"SearchAction\",\"target\":{\"@type\":\"EntryPoint\",\"urlTemplate\":\"https:\\\/\\\/kfeholding.com\\\/pl\\\/?s={search_term_string}\"},\"query-input\":{\"@type\":\"PropertyValueSpecification\",\"valueRequired\":true,\"valueName\":\"search_term_string\"}}],\"inLanguage\":\"en-US\"}]}<\/script>\n<!-- \/ Yoast SEO plugin. -->","yoast_head_json":{"title":"Kontakt | KFE Holding","description":"Porozmawiajmy o mo\u017cliwo\u015bciach wsp\u00f3\u0142pracy. Napisz, zadzwo\u0144 lub odwied\u017a nasze biuro. Skontaktuj si\u0119 z nami!","robots":{"index":"index","follow":"follow","max-snippet":"max-snippet:-1","max-image-preview":"max-image-preview:large","max-video-preview":"max-video-preview:-1"},"og_locale":"en_US","og_type":"article","og_title":"Kontakt | KFE Holding","og_description":"Porozmawiajmy o mo\u017cliwo\u015bciach wsp\u00f3\u0142pracy. Napisz, zadzwo\u0144 lub odwied\u017a nasze biuro. Skontaktuj si\u0119 z nami!","og_url":"https:\/\/kfeholding.com\/pl\/kontakt\/","og_site_name":"PL","article_modified_time":"2023-08-21T10:22:26+00:00","og_image":[{"width":1620,"height":1000,"url":"http:\/\/kfeholding.com\/pl\/wp-content\/uploads\/sites\/3\/2023\/04\/Event-Team-KFE-Holding.webp","type":"image\/webp"}],"twitter_card":"summary_large_image","schema":{"@context":"https:\/\/schema.org","@graph":[{"@type":"WebPage","@id":"https:\/\/kfeholding.com\/pl\/kontakt\/","url":"https:\/\/kfeholding.com\/pl\/kontakt\/","name":"Kontakt | KFE Holding","isPartOf":{"@id":"https:\/\/kfeholding.com\/pl\/#website"},"primaryImageOfPage":{"@id":"https:\/\/kfeholding.com\/pl\/kontakt\/#primaryimage"},"image":{"@id":"https:\/\/kfeholding.com\/pl\/kontakt\/#primaryimage"},"thumbnailUrl":"https:\/\/kfeholding.com\/pl\/wp-content\/uploads\/sites\/3\/2023\/04\/Event-Team-KFE-Holding.webp","datePublished":"2022-03-10T12:53:16+00:00","dateModified":"2023-08-21T10:22:26+00:00","description":"Porozmawiajmy o mo\u017cliwo\u015bciach wsp\u00f3\u0142pracy. Napisz, zadzwo\u0144 lub odwied\u017a nasze biuro. Skontaktuj si\u0119 z nami!","breadcrumb":{"@id":"https:\/\/kfeholding.com\/pl\/kontakt\/#breadcrumb"},"inLanguage":"en-US","potentialAction":[{"@type":"ReadAction","target":["https:\/\/kfeholding.com\/pl\/kontakt\/"]}]},{"@type":"ImageObject","inLanguage":"en-US","@id":"https:\/\/kfeholding.com\/pl\/kontakt\/#primaryimage","url":"https:\/\/kfeholding.com\/pl\/wp-content\/uploads\/sites\/3\/2023\/04\/Event-Team-KFE-Holding.webp","contentUrl":"https:\/\/kfeholding.com\/pl\/wp-content\/uploads\/sites\/3\/2023\/04\/Event-Team-KFE-Holding.webp","width":1620,"height":1000,"caption":"Cz\u0142onkowie zespo\u0142u KFE Holding podczas eventu"},{"@type":"BreadcrumbList","@id":"https:\/\/kfeholding.com\/pl\/kontakt\/#breadcrumb","itemListElement":[{"@type":"ListItem","position":1,"name":"Home","item":"https:\/\/kfeholding.com\/pl\/"},{"@type":"ListItem","position":2,"name":"Kontakt"}]},{"@type":"WebSite","@id":"https:\/\/kfeholding.com\/pl\/#website","url":"https:\/\/kfeholding.com\/pl\/","name":"PL","description":"Just another WordPress site","potentialAction":[{"@type":"SearchAction","target":{"@type":"EntryPoint","urlTemplate":"https:\/\/kfeholding.com\/pl\/?s={search_term_string}"},"query-input":{"@type":"PropertyValueSpecification","valueRequired":true,"valueName":"search_term_string"}}],"inLanguage":"en-US"}]}},"_links":{"self":[{"href":"https:\/\/kfeholding.com\/pl\/wp-json\/wp\/v2\/pages\/561","targetHints":{"allow":["GET"]}}],"collection":[{"href":"https:\/\/kfeholding.com\/pl\/wp-json\/wp\/v2\/pages"}],"about":[{"href":"https:\/\/kfeholding.com\/pl\/wp-json\/wp\/v2\/types\/page"}],"author":[{"embeddable":true,"href":"https:\/\/kfeholding.com\/pl\/wp-json\/wp\/v2\/users\/1"}],"replies":[{"embeddable":true,"href":"https:\/\/kfeholding.com\/pl\/wp-json\/wp\/v2\/comments?post=561"}],"version-history":[{"count":204,"href":"https:\/\/kfeholding.com\/pl\/wp-json\/wp\/v2\/pages\/561\/revisions"}],"predecessor-version":[{"id":2066,"href":"https:\/\/kfeholding.com\/pl\/wp-json\/wp\/v2\/pages\/561\/revisions\/2066"}],"wp:featuredmedia":[{"embeddable":true,"href":"https:\/\/kfeholding.com\/pl\/wp-json\/wp\/v2\/media\/1591"}],"wp:attachment":[{"href":"https:\/\/kfeholding.com\/pl\/wp-json\/wp\/v2\/media?parent=561"}],"curies":[{"name":"wp","href":"https:\/\/api.w.org\/{rel}","templated":true}]}}