{"id":337,"date":"2022-03-08T09:39:10","date_gmt":"2022-03-08T09:39:10","guid":{"rendered":"http:\/\/kfeholding.com\/pl\/?page_id=337"},"modified":"2026-04-13T09:31:39","modified_gmt":"2026-04-13T09:31:39","slug":"marki","status":"publish","type":"page","link":"https:\/\/kfeholding.com\/pl\/marki\/","title":{"rendered":"Nasze marki"},"content":{"rendered":"<div\n\t\t\t\n\t\t\tclass=\"so-widget-brand-items so-widget-brand-items-base\"\n\t\t\t\n\t\t>\n<div class=\"section section--brands\">\n    <div class=\"container\">\n        <div class=\"row\">\n            <div class=\"col-xs-12 col-md-12 col-lg-12\">\n                <div class=\"brands\">\n                    <div class=\"brands__header\">\n                        <span class=\"brands__subtitle subtitle\">Marki<\/span>\n                        <h2 class=\"brands__title title\">Poznaj swojego partnera w biznesie<\/h2>\n                    <\/div>\n\t\t\t\t\t<div class=\"brands-container\">\n\n                                                    \t\t\t\t\t\t\t\t<div class=\"brands-item\">\n\t\t\t\t\t\t\t\t\t<a class=\"box-link\" href=\"https:\/\/kfeholding.com\/pl\/marki\/batieu-plus\/\"><\/a>\n\t\t\t\t\t\t\t\t\t<div class=\"brand-item__icon\">\n\t\t\t\t\t\t\t\t\t\t<img decoding=\"async\" src=\"https:\/\/kfeholding.com\/pl\/wp-content\/uploads\/sites\/3\/2022\/03\/checkbox-double.svg\" alt=\"\">\n\t\t\t\t\t\t\t\t\t<\/div>\n\t\t\t\t\t\t\t\t\t<div class=\"brands-item__title\">\n\t\t\t\t\t\t\t\t\t\t<h3>Wsparcie na ka\u017cdym etapie Twojego kontraktu budowlanego.<\/h3>\n\t\t\t\t\t\t\t\t\t<\/div>\n\t\t\t\t\t\t\t\t\t<div class=\"brands-item__text\">\n\t\t\t\t\t\t\t\t\t\t<p>Oferujemy kompleksowe us\u0142ugi obejmuj\u0105ce analiz\u0119 ofert, t\u0142umaczenia oraz pomoc w negocjacjach.<\/p>\n\t\t\t\t\t\t\t\t\t<\/div>\n\t\t\t\t\t\t\t\t\t<div class=\"brands-item__row\">\n\t\t\t\t\t\t\t\t\t\t<div class=\"brands-item__image\">\n\t\t\t\t\t\t\t\t\t\t\t<img decoding=\"async\" src=\"https:\/\/kfeholding.com\/pl\/wp-content\/uploads\/sites\/3\/2022\/03\/batieu-plus.svg\" alt=\"\">\n\t\t\t\t\t\t\t\t\t\t<\/div>\n\t\t\t\t\t\t\t\t\t\t<div class=\"brands-item__arrow\">\n\t\t\t\t\t\t\t\t\t\t\t<img decoding=\"async\" src=\"https:\/\/kfeholding.com\/pl\/wp-content\/uploads\/sites\/3\/2022\/03\/arrow.svg\" alt=\"\">\n\t\t\t\t\t\t\t\t\t\t<\/div>\n\t\t\t\t\t\t\t\t\t<\/div>\n\n\t\t\t\t\t\t\t\t<\/div>\n                        \t\t\t\t\t\t\t\t<div class=\"brands-item\">\n\t\t\t\t\t\t\t\t\t<a class=\"box-link\" href=\"https:\/\/kfeholding.com\/pl\/marki\/batieu\/\"><\/a>\n\t\t\t\t\t\t\t\t\t<div class=\"brand-item__icon\">\n\t\t\t\t\t\t\t\t\t\t<img decoding=\"async\" src=\"https:\/\/kfeholding.com\/pl\/wp-content\/uploads\/sites\/3\/2022\/03\/os-window.svg\" alt=\"\">\n\t\t\t\t\t\t\t\t\t<\/div>\n\t\t\t\t\t\t\t\t\t<div class=\"brands-item__title\">\n\t\t\t\t\t\t\t\t\t\t<h3>Kompleksowe oprogramowanie dla bran\u017cy budowlanej<\/h3>\n\t\t\t\t\t\t\t\t\t<\/div>\n\t\t\t\t\t\t\t\t\t<div class=\"brands-item__text\">\n\t\t\t\t\t\t\t\t\t\t<p>Platforma do wyszukiwania wykonawc\u00f3w i zlece\u0144 oraz zarz\u0105dzania projektami budowlanymi.<\/p>\n\t\t\t\t\t\t\t\t\t<\/div>\n\t\t\t\t\t\t\t\t\t<div class=\"brands-item__row\">\n\t\t\t\t\t\t\t\t\t\t<div class=\"brands-item__image\">\n\t\t\t\t\t\t\t\t\t\t\t<img decoding=\"async\" src=\"https:\/\/kfeholding.com\/pl\/wp-content\/uploads\/sites\/3\/2022\/03\/batieu.svg\" alt=\"\">\n\t\t\t\t\t\t\t\t\t\t<\/div>\n\t\t\t\t\t\t\t\t\t\t<div class=\"brands-item__arrow\">\n\t\t\t\t\t\t\t\t\t\t\t<img decoding=\"async\" src=\"https:\/\/kfeholding.com\/pl\/wp-content\/uploads\/sites\/3\/2022\/03\/arrow.svg\" alt=\"\">\n\t\t\t\t\t\t\t\t\t\t<\/div>\n\t\t\t\t\t\t\t\t\t<\/div>\n\n\t\t\t\t\t\t\t\t<\/div>\n                        \t\t\t\t\t\t\t\t<div class=\"brands-item\">\n\t\t\t\t\t\t\t\t\t<a class=\"box-link\" href=\"https:\/\/kfeholding.com\/pl\/marki\/orimat\/\"><\/a>\n\t\t\t\t\t\t\t\t\t<div class=\"brand-item__icon\">\n\t\t\t\t\t\t\t\t\t\t<img decoding=\"async\" src=\"https:\/\/kfeholding.com\/pl\/wp-content\/uploads\/sites\/3\/2022\/03\/bricks.svg\" alt=\"\">\n\t\t\t\t\t\t\t\t\t<\/div>\n\t\t\t\t\t\t\t\t\t<div class=\"brands-item__title\">\n\t\t\t\t\t\t\t\t\t\t<h3>Dystrybucja i dostawa materia\u0142\u00f3w budowlanych<\/h3>\n\t\t\t\t\t\t\t\t\t<\/div>\n\t\t\t\t\t\t\t\t\t<div class=\"brands-item__text\">\n\t\t\t\t\t\t\t\t\t\t<p>Wsp\u00f3\u0142pracujemy z najlepszymi dostawcami, negocjujemy umowy i dbamy o to, aby materia\u0142y spe\u0142nia\u0142y wymagane normy.<\/p>\n\t\t\t\t\t\t\t\t\t<\/div>\n\t\t\t\t\t\t\t\t\t<div class=\"brands-item__row\">\n\t\t\t\t\t\t\t\t\t\t<div class=\"brands-item__image\">\n\t\t\t\t\t\t\t\t\t\t\t<img decoding=\"async\" src=\"https:\/\/kfeholding.com\/pl\/wp-content\/uploads\/sites\/3\/2022\/03\/orimat-2.svg\" alt=\"\">\n\t\t\t\t\t\t\t\t\t\t<\/div>\n\t\t\t\t\t\t\t\t\t\t<div class=\"brands-item__arrow\">\n\t\t\t\t\t\t\t\t\t\t\t<img decoding=\"async\" src=\"https:\/\/kfeholding.com\/pl\/wp-content\/uploads\/sites\/3\/2022\/03\/arrow.svg\" alt=\"\">\n\t\t\t\t\t\t\t\t\t\t<\/div>\n\t\t\t\t\t\t\t\t\t<\/div>\n\n\t\t\t\t\t\t\t\t<\/div>\n                        \t\t\t\t\t\t\t\t<div class=\"brands-item\">\n\t\t\t\t\t\t\t\t\t<a class=\"box-link\" href=\"https:\/\/kfeholding.com\/pl\/marki\/cepixel\/\"><\/a>\n\t\t\t\t\t\t\t\t\t<div class=\"brand-item__icon\">\n\t\t\t\t\t\t\t\t\t\t<img decoding=\"async\" src=\"https:\/\/kfeholding.com\/pl\/wp-content\/uploads\/sites\/3\/2022\/03\/laptop-code.svg\" alt=\"\">\n\t\t\t\t\t\t\t\t\t<\/div>\n\t\t\t\t\t\t\t\t\t<div class=\"brands-item__title\">\n\t\t\t\t\t\t\t\t\t\t<h3>Dedykowane strony i aplikacje dla biznesu<\/h3>\n\t\t\t\t\t\t\t\t\t<\/div>\n\t\t\t\t\t\t\t\t\t<div class=\"brands-item__text\">\n\t\t\t\t\t\t\t\t\t\t<p>Specjalizujemy si\u0119 w tworzeniu aplikacji mobilnych i webowych, a tak\u017ce serwis\u00f3w internetowych i e-commerce.<\/p>\n\t\t\t\t\t\t\t\t\t<\/div>\n\t\t\t\t\t\t\t\t\t<div class=\"brands-item__row\">\n\t\t\t\t\t\t\t\t\t\t<div class=\"brands-item__image\">\n\t\t\t\t\t\t\t\t\t\t\t<img decoding=\"async\" src=\"https:\/\/kfeholding.com\/pl\/wp-content\/uploads\/sites\/3\/2022\/03\/cepixel.svg\" alt=\"\">\n\t\t\t\t\t\t\t\t\t\t<\/div>\n\t\t\t\t\t\t\t\t\t\t<div class=\"brands-item__arrow\">\n\t\t\t\t\t\t\t\t\t\t\t<img decoding=\"async\" src=\"https:\/\/kfeholding.com\/pl\/wp-content\/uploads\/sites\/3\/2022\/03\/arrow.svg\" alt=\"\">\n\t\t\t\t\t\t\t\t\t\t<\/div>\n\t\t\t\t\t\t\t\t\t<\/div>\n\n\t\t\t\t\t\t\t\t<\/div>\n                        \t\t\t\t\t\t\t\t<div class=\"brands-item\">\n\t\t\t\t\t\t\t\t\t<a class=\"box-link\" href=\"https:\/\/kfeholding.com\/pl\/marki\/legal-building\/\"><\/a>\n\t\t\t\t\t\t\t\t\t<div class=\"brand-item__icon\">\n\t\t\t\t\t\t\t\t\t\t<img decoding=\"async\" src=\"https:\/\/kfeholding.com\/pl\/wp-content\/uploads\/sites\/3\/2022\/03\/law-book.svg\" alt=\"\">\n\t\t\t\t\t\t\t\t\t<\/div>\n\t\t\t\t\t\t\t\t\t<div class=\"brands-item__title\">\n\t\t\t\t\t\t\t\t\t\t<h3>Obs\u0142uga prawna i administracyjna bran\u017cy budowlanej<\/h3>\n\t\t\t\t\t\t\t\t\t<\/div>\n\t\t\t\t\t\t\t\t\t<div class=\"brands-item__text\">\n\t\t\t\t\t\t\t\t\t\t<p>Zarz\u0105dzamy procesami prawnymi i administracyjnymi zwi\u0105zanymi z delegowaniem pracownik\u00f3w na terenie UE<\/p>\n\t\t\t\t\t\t\t\t\t<\/div>\n\t\t\t\t\t\t\t\t\t<div class=\"brands-item__row\">\n\t\t\t\t\t\t\t\t\t\t<div class=\"brands-item__image\">\n\t\t\t\t\t\t\t\t\t\t\t<img decoding=\"async\" src=\"https:\/\/kfeholding.com\/pl\/wp-content\/uploads\/sites\/3\/2022\/03\/legal-building.svg\" alt=\"\">\n\t\t\t\t\t\t\t\t\t\t<\/div>\n\t\t\t\t\t\t\t\t\t\t<div class=\"brands-item__arrow\">\n\t\t\t\t\t\t\t\t\t\t\t<img decoding=\"async\" src=\"https:\/\/kfeholding.com\/pl\/wp-content\/uploads\/sites\/3\/2022\/03\/arrow.svg\" alt=\"\">\n\t\t\t\t\t\t\t\t\t\t<\/div>\n\t\t\t\t\t\t\t\t\t<\/div>\n\n\t\t\t\t\t\t\t\t<\/div>\n                                                                            \t\t\t\t\t<\/div>\n                <\/div>\n            <\/div>\n        <\/div>\n    <\/div>\n<\/div>\n\n<\/div>\n\n<div\n\t\t\t\n\t\t\tclass=\"so-widget-header-video so-widget-header-video-base\"\n\t\t\t\n\t\t><div class=\"section section--video\">\n    <div class=\"container\">\n        <div class=\"row\">\n            <div class=\"col-xs-12 col-md-12 col-lg-12\">\n\t\t\t\t<div class=\"video-player-wrapper\">\n                \t<div class=\"video-player\">\n                    <div class=\"video-player__description\">\n                        <h3 class=\"video-player__title title \">Razem tworzymy silne marki<\/h3>\n                        \t\t\t\t\t\t                    <\/div>\n\t\t\t\t\t<div class=\"video-player__image c-header__description-photo--second\" :style=\"{ 'background-image': 'url(https:\/\/kfeholding.com\/pl\/wp-content\/uploads\/sites\/3\/2022\/03\/CePixel-meeting-talk.webp' }\"><\/div>\n                <\/div>\n\t\t\t\t<\/div>\n            <\/div>\n        <\/div>\n    <\/div>\n<\/div>\n<\/div>\n\n<div\n\t\t\t\n\t\t\tclass=\"so-widget-members so-widget-members-base\"\n\t\t\t\n\t\t><div class=\"section\">\n    <div class=\"container\">\n        <div class=\"row\">\n            <div class=\"col-xs-12 col-md-12 col-lg-12\">\n                <div class=\"c-members\">\n                    <div class=\"c-members__header\">\n                        <span class=\"c-members__subtitle subtitle\">Liderzy zespo\u0142\u00f3w<\/span>\n                        <h2 class=\"c-members__title title\">M\u0142ody i ambitny zesp\u00f3\u0142 jest gwarancj\u0105 sukcesu naszej firmy.<\/h2>\n                    <\/div>\n                    <div class=\"c-members__gallery\">\n                        <div class=\"c-members__wrapper\">\n                            \n\t\t\t\t\t\t\t\t\t<div class=\"c-members__item\">\n\t\t\t\t\t\t\t\t\t\t<div class=\"c-members__photo\"><img decoding=\"async\" class=\"c-members__image\" src=\"https:\/\/kfeholding.com\/pl\/wp-content\/uploads\/sites\/3\/2023\/04\/MZU-photo.webp\" \/><\/div>\n\t\t\t\t\t\t\t\t\t\t<div class=\"c-members__description\">\n\t\t\t\t\t\t\t\t\t\t\t<h4 class=\"c-members__name\">Marek <br>Zub <\/h4> <span class=\"c-members__brand\">KFE Holding<\/span>\n\t\t\t\t\t\t\t\t\t\t<\/div>\n\t\t\t\t\t\t\t\t\t<\/div>\n\n\t\t\t\t\t\t\t\t\t\t\t\n\t\t\t\t\t\t\t\t\t<div class=\"c-members__item\">\n\t\t\t\t\t\t\t\t\t\t<div class=\"c-members__photo\"><img decoding=\"async\" class=\"c-members__image\" src=\"https:\/\/kfeholding.com\/pl\/wp-content\/uploads\/sites\/3\/2023\/04\/DCZ-photo-4.webp\" \/><\/div>\n\t\t\t\t\t\t\t\t\t\t<div class=\"c-members__description\">\n\t\t\t\t\t\t\t\t\t\t\t<h4 class=\"c-members__name\">Dawid <br>Czura <\/h4> <span class=\"c-members__brand\">CePixel<\/span>\n\t\t\t\t\t\t\t\t\t\t<\/div>\n\t\t\t\t\t\t\t\t\t<\/div>\n\n\t\t\t\t\t\t\t\t\t\t\t\n\t\t\t\t\t\t\t\t\t<div class=\"c-members__item\">\n\t\t\t\t\t\t\t\t\t\t<div class=\"c-members__photo\"><img decoding=\"async\" class=\"c-members__image\" src=\"https:\/\/kfeholding.com\/pl\/wp-content\/uploads\/sites\/3\/2023\/04\/MGR-photo.webp\" \/><\/div>\n\t\t\t\t\t\t\t\t\t\t<div class=\"c-members__description\">\n\t\t\t\t\t\t\t\t\t\t\t<h4 class=\"c-members__name\">Ma\u0142gorzata <br>Czura <\/h4> <span class=\"c-members__brand\">Legal Building<\/span>\n\t\t\t\t\t\t\t\t\t\t<\/div>\n\t\t\t\t\t\t\t\t\t<\/div>\n\n\t\t\t\t\t\t\t\t\t\t\t\n\t\t\t\t\t\t\t\t\t<div class=\"c-members__item\">\n\t\t\t\t\t\t\t\t\t\t<div class=\"c-members__photo\"><img decoding=\"async\" class=\"c-members__image\" src=\"https:\/\/kfeholding.com\/pl\/wp-content\/uploads\/sites\/3\/2026\/03\/Katarzyna-Berchmuller-Batieu.webp\" \/><\/div>\n\t\t\t\t\t\t\t\t\t\t<div class=\"c-members__description\">\n\t\t\t\t\t\t\t\t\t\t\t<h4 class=\"c-members__name\">Katarzyna <br>Berchm\u00fcller <\/h4> <span class=\"c-members__brand\">Batieu<\/span>\n\t\t\t\t\t\t\t\t\t\t<\/div>\n\t\t\t\t\t\t\t\t\t<\/div>\n\n\t\t\t\t\t\t\t\t\t\t\t                        <\/div>\n                    <\/div>\n                <\/div>\n            <\/div>\n        <\/div>\n    <\/div>\n<\/div>\n<div class=\"c-brands__image\" :style=\"{ 'background-image': 'url(https:\/\/kfeholding.com\/pl\/wp-content\/uploads\/sites\/3\/2025\/08\/meeting_in_office_business_kfe_holding.webp' }\"><\/div>\n\n\n<\/div>\n\n<div\n\t\t\t\n\t\t\tclass=\"so-widget-countries so-widget-countries-base\"\n\t\t\t\n\t\t>\n<div class=\"section\">\n    <div class=\"container\">\n        <div class=\"row\">\n            <div class=\"col-xs-12 col-md-8 col-lg-8 offset-md-2 offset-lg-2\">\n                <div class=\"c-countries\">\n                    <div class=\"c-countries__bgi\" :style=\"{ 'background-image': 'url(https:\/\/kfeholding.com\/pl\/wp-content\/uploads\/sites\/3\/2022\/10\/flag-bgi-sm.webp' }\"><\/div>\n                    <div class=\"c-section-about c-section-about--countries\">\n                        <div class=\"c-section-about__description c-section-about__description--countries\">\n                            <span class=\"c-section-about__subtitle c-section-about__subtitle--countries\">Gdzie nas znajdziesz?<\/span>\n                            <h2 class=\"c-section-about__title c-section-about__title--countries title\">Jeste\u015bmy ju\u017c w ca\u0142ej Europie<\/h2>\n                            <div class=\"c-section-about__text c-section-about__text--countries\"><p><span style=\"font-weight: 400;\">Ambicja i dbanie o relacje we wsp\u00f3\u0142pracach wewn\u0119trznych i zewn\u0119trznych umo\u017cliwi\u0142y nam szybk\u0105 ekspansj\u0119 na ca\u0142\u0105 Europ\u0119 w ci\u0105gu zaledwie 15 lat dzia\u0142alno\u015bci. Ogromny zasi\u0119g kontakt\u00f3w buduje stosunkowo niewielka grupa pracownik\u00f3w, kt\u00f3ra potrafi nawi\u0105zywa\u0107 warto\u015bciowe kontakty w ka\u017cdym zak\u0105tku Europy.<\/span><\/p>\n<\/div>\n\t\t\t\t\t\t\t<div class=\"c-countries__wrapper\">\n\n\t\t\t\t\t\t\t\t\n\t\t\t\t\t\t\t\t\t\t\t<div class=\"c-countries__item\">\n\t\t\t\t\t\t\t\t\t\t\t\t<div class=\"c-countries__flag\" :style=\"{ 'background-image': 'url(https:\/\/kfeholding.com\/pl\/wp-content\/uploads\/sites\/3\/2022\/03\/PL-Poland.svg' }\"><\/div><span class=\"c-countries__title\">Polska,<\/span>\n\t\t\t\t\t\t\t\t\t\t\t\t<span class=\"c-countries__text\">Warszawa<\/span>\n\t\t\t\t\t\t\t\t\t\t\t<\/div>\n\n\t\t\t\t\t\t\t\t\n\t\t\t\t\t\t\t\t\t\t\t<div class=\"c-countries__item\">\n\t\t\t\t\t\t\t\t\t\t\t\t<div class=\"c-countries__flag\" :style=\"{ 'background-image': 'url(https:\/\/kfeholding.com\/pl\/wp-content\/uploads\/sites\/3\/2022\/03\/BE-Belgium.svg' }\"><\/div><span class=\"c-countries__title\">Belgia,<\/span>\n\t\t\t\t\t\t\t\t\t\t\t\t<span class=\"c-countries__text\">Bruksela<\/span>\n\t\t\t\t\t\t\t\t\t\t\t<\/div>\n\n\t\t\t\t\t\t\t\t\n\t\t\t\t\t\t\t\t\t\t\t<div class=\"c-countries__item\">\n\t\t\t\t\t\t\t\t\t\t\t\t<div class=\"c-countries__flag\" :style=\"{ 'background-image': 'url(https:\/\/kfeholding.com\/pl\/wp-content\/uploads\/sites\/3\/2022\/03\/FR-France.svg' }\"><\/div><span class=\"c-countries__title\">Francja,<\/span>\n\t\t\t\t\t\t\t\t\t\t\t\t<span class=\"c-countries__text\">Pary\u017c<\/span>\n\t\t\t\t\t\t\t\t\t\t\t<\/div>\n\n\t\t\t\t\t\t\t\t\n\t\t\t\t\t\t\t\t\t\t\t<div class=\"c-countries__item\">\n\t\t\t\t\t\t\t\t\t\t\t\t<div class=\"c-countries__flag\" :style=\"{ 'background-image': 'url(https:\/\/kfeholding.com\/pl\/wp-content\/uploads\/sites\/3\/2022\/03\/DE-Germany.svg' }\"><\/div><span class=\"c-countries__title\">Niemcy,<\/span>\n\t\t\t\t\t\t\t\t\t\t\t\t<span class=\"c-countries__text\">Monachium<\/span>\n\t\t\t\t\t\t\t\t\t\t\t<\/div>\n\n\t\t\t\t\t\t\t\t\n\t\t\t\t\t\t\t\t\t\t\t<div class=\"c-countries__item\">\n\t\t\t\t\t\t\t\t\t\t\t\t<div class=\"c-countries__flag\" :style=\"{ 'background-image': 'url(https:\/\/kfeholding.com\/pl\/wp-content\/uploads\/sites\/3\/2023\/08\/LU-Luxembourg.svg' }\"><\/div><span class=\"c-countries__title\">Luksemburg,<\/span>\n\t\t\t\t\t\t\t\t\t\t\t\t<span class=\"c-countries__text\">Luksemburg<\/span>\n\t\t\t\t\t\t\t\t\t\t\t<\/div>\n\n\t\t\t\t\t\t\t\t\n\t\t\t\t\t\t\t\t\t\t\t<div class=\"c-countries__item\">\n\t\t\t\t\t\t\t\t\t\t\t\t<div class=\"c-countries__flag\" :style=\"{ 'background-image': 'url(https:\/\/kfeholding.com\/pl\/wp-content\/uploads\/sites\/3\/2022\/03\/Global.svg' }\"><\/div><span class=\"c-countries__title\">Europa,<\/span>\n\t\t\t\t\t\t\t\t\t\t\t\t<span class=\"c-countries__text\">Zdalnie<\/span>\n\t\t\t\t\t\t\t\t\t\t\t<\/div>\n\n\t\t\t\t\t\t\t\t\t\t\t\t\t\t\t<\/div>\n                    <\/div>\n                    <a href=\"https:\/\/kfeholding.com\/pl\/kontakt\/#section-contact\">\n\t\t\t\t\t\t<button class=\"c-button\">\n\t\t\t\t\t\t\t<div class=\"c-button__content\">\n\t\t\t\t\t\t\t\tSkontaktuj si\u0119 z nami\t\t\t\t\t\t\t<\/div>\n\t\t\t\t\t\t<\/button>\n                    <\/a>\n                <\/div>\n            <\/div>\n        <\/div>\n    <\/div>\n<\/div>\n<\/div>","protected":false},"excerpt":{"rendered":"","protected":false},"author":1,"featured_media":1601,"parent":0,"menu_order":0,"comment_status":"closed","ping_status":"closed","template":"","meta":{"_acf_changed":false,"footnotes":""},"class_list":["post-337","page","type-page","status-publish","has-post-thumbnail","hentry"],"acf":[],"yoast_head":"<!-- This site is optimized with the Yoast SEO plugin v27.3 - https:\/\/yoast.com\/product\/yoast-seo-wordpress\/ -->\n<title>Nasze marki | KFE Holding<\/title>\n<meta name=\"description\" content=\"Poznaj marki KFE tworzone przez mi\u0119dzynarodowy zesp\u00f3\u0142 specjalist\u00f3w - KomFort, Batieu, Legal Building, Orimat, CePixel. Sprawd\u017a teraz.\" \/>\n<meta name=\"robots\" content=\"index, follow, max-snippet:-1, max-image-preview:large, max-video-preview:-1\" \/>\n<meta property=\"og:locale\" content=\"en_US\" \/>\n<meta property=\"og:type\" content=\"article\" \/>\n<meta property=\"og:title\" content=\"Nasze marki | KFE Holding\" \/>\n<meta property=\"og:description\" content=\"Poznaj marki KFE tworzone przez mi\u0119dzynarodowy zesp\u00f3\u0142 specjalist\u00f3w - KomFort, Batieu, Legal Building, Orimat, CePixel. Sprawd\u017a teraz.\" \/>\n<meta property=\"og:url\" content=\"https:\/\/kfeholding.com\/pl\/marki\/\" \/>\n<meta property=\"og:site_name\" content=\"PL\" \/>\n<meta property=\"article:modified_time\" content=\"2026-04-13T09:31:39+00:00\" \/>\n<meta property=\"og:image\" content=\"http:\/\/kfeholding.com\/pl\/wp-content\/uploads\/sites\/3\/2023\/04\/KFE-Holding-office.webp\" \/>\n\t<meta property=\"og:image:width\" content=\"1540\" \/>\n\t<meta property=\"og:image:height\" content=\"1000\" \/>\n\t<meta property=\"og:image:type\" content=\"image\/webp\" \/>\n<meta name=\"twitter:card\" content=\"summary_large_image\" \/>\n<meta name=\"twitter:label1\" content=\"Est. reading time\" \/>\n\t<meta name=\"twitter:data1\" content=\"1 minute\" \/>\n<script type=\"application\/ld+json\" class=\"yoast-schema-graph\">{\"@context\":\"https:\\\/\\\/schema.org\",\"@graph\":[{\"@type\":\"WebPage\",\"@id\":\"https:\\\/\\\/kfeholding.com\\\/pl\\\/marki\\\/\",\"url\":\"https:\\\/\\\/kfeholding.com\\\/pl\\\/marki\\\/\",\"name\":\"Nasze marki | KFE Holding\",\"isPartOf\":{\"@id\":\"https:\\\/\\\/kfeholding.com\\\/pl\\\/#website\"},\"primaryImageOfPage\":{\"@id\":\"https:\\\/\\\/kfeholding.com\\\/pl\\\/marki\\\/#primaryimage\"},\"image\":{\"@id\":\"https:\\\/\\\/kfeholding.com\\\/pl\\\/marki\\\/#primaryimage\"},\"thumbnailUrl\":\"https:\\\/\\\/kfeholding.com\\\/pl\\\/wp-content\\\/uploads\\\/sites\\\/3\\\/2023\\\/04\\\/KFE-Holding-office.webp\",\"datePublished\":\"2022-03-08T09:39:10+00:00\",\"dateModified\":\"2026-04-13T09:31:39+00:00\",\"description\":\"Poznaj marki KFE tworzone przez mi\u0119dzynarodowy zesp\u00f3\u0142 specjalist\u00f3w - KomFort, Batieu, Legal Building, Orimat, CePixel. Sprawd\u017a teraz.\",\"breadcrumb\":{\"@id\":\"https:\\\/\\\/kfeholding.com\\\/pl\\\/marki\\\/#breadcrumb\"},\"inLanguage\":\"en-US\",\"potentialAction\":[{\"@type\":\"ReadAction\",\"target\":[\"https:\\\/\\\/kfeholding.com\\\/pl\\\/marki\\\/\"]}]},{\"@type\":\"ImageObject\",\"inLanguage\":\"en-US\",\"@id\":\"https:\\\/\\\/kfeholding.com\\\/pl\\\/marki\\\/#primaryimage\",\"url\":\"https:\\\/\\\/kfeholding.com\\\/pl\\\/wp-content\\\/uploads\\\/sites\\\/3\\\/2023\\\/04\\\/KFE-Holding-office.webp\",\"contentUrl\":\"https:\\\/\\\/kfeholding.com\\\/pl\\\/wp-content\\\/uploads\\\/sites\\\/3\\\/2023\\\/04\\\/KFE-Holding-office.webp\",\"width\":1540,\"height\":1000,\"caption\":\"Biuro KFE Holding\"},{\"@type\":\"BreadcrumbList\",\"@id\":\"https:\\\/\\\/kfeholding.com\\\/pl\\\/marki\\\/#breadcrumb\",\"itemListElement\":[{\"@type\":\"ListItem\",\"position\":1,\"name\":\"Home\",\"item\":\"https:\\\/\\\/kfeholding.com\\\/pl\\\/\"},{\"@type\":\"ListItem\",\"position\":2,\"name\":\"Nasze marki\"}]},{\"@type\":\"WebSite\",\"@id\":\"https:\\\/\\\/kfeholding.com\\\/pl\\\/#website\",\"url\":\"https:\\\/\\\/kfeholding.com\\\/pl\\\/\",\"name\":\"PL\",\"description\":\"Just another WordPress site\",\"potentialAction\":[{\"@type\":\"SearchAction\",\"target\":{\"@type\":\"EntryPoint\",\"urlTemplate\":\"https:\\\/\\\/kfeholding.com\\\/pl\\\/?s={search_term_string}\"},\"query-input\":{\"@type\":\"PropertyValueSpecification\",\"valueRequired\":true,\"valueName\":\"search_term_string\"}}],\"inLanguage\":\"en-US\"}]}<\/script>\n<!-- \/ Yoast SEO plugin. -->","yoast_head_json":{"title":"Nasze marki | KFE Holding","description":"Poznaj marki KFE tworzone przez mi\u0119dzynarodowy zesp\u00f3\u0142 specjalist\u00f3w - KomFort, Batieu, Legal Building, Orimat, CePixel. Sprawd\u017a teraz.","robots":{"index":"index","follow":"follow","max-snippet":"max-snippet:-1","max-image-preview":"max-image-preview:large","max-video-preview":"max-video-preview:-1"},"og_locale":"en_US","og_type":"article","og_title":"Nasze marki | KFE Holding","og_description":"Poznaj marki KFE tworzone przez mi\u0119dzynarodowy zesp\u00f3\u0142 specjalist\u00f3w - KomFort, Batieu, Legal Building, Orimat, CePixel. Sprawd\u017a teraz.","og_url":"https:\/\/kfeholding.com\/pl\/marki\/","og_site_name":"PL","article_modified_time":"2026-04-13T09:31:39+00:00","og_image":[{"width":1540,"height":1000,"url":"http:\/\/kfeholding.com\/pl\/wp-content\/uploads\/sites\/3\/2023\/04\/KFE-Holding-office.webp","type":"image\/webp"}],"twitter_card":"summary_large_image","twitter_misc":{"Est. reading time":"1 minute"},"schema":{"@context":"https:\/\/schema.org","@graph":[{"@type":"WebPage","@id":"https:\/\/kfeholding.com\/pl\/marki\/","url":"https:\/\/kfeholding.com\/pl\/marki\/","name":"Nasze marki | KFE Holding","isPartOf":{"@id":"https:\/\/kfeholding.com\/pl\/#website"},"primaryImageOfPage":{"@id":"https:\/\/kfeholding.com\/pl\/marki\/#primaryimage"},"image":{"@id":"https:\/\/kfeholding.com\/pl\/marki\/#primaryimage"},"thumbnailUrl":"https:\/\/kfeholding.com\/pl\/wp-content\/uploads\/sites\/3\/2023\/04\/KFE-Holding-office.webp","datePublished":"2022-03-08T09:39:10+00:00","dateModified":"2026-04-13T09:31:39+00:00","description":"Poznaj marki KFE tworzone przez mi\u0119dzynarodowy zesp\u00f3\u0142 specjalist\u00f3w - KomFort, Batieu, Legal Building, Orimat, CePixel. Sprawd\u017a teraz.","breadcrumb":{"@id":"https:\/\/kfeholding.com\/pl\/marki\/#breadcrumb"},"inLanguage":"en-US","potentialAction":[{"@type":"ReadAction","target":["https:\/\/kfeholding.com\/pl\/marki\/"]}]},{"@type":"ImageObject","inLanguage":"en-US","@id":"https:\/\/kfeholding.com\/pl\/marki\/#primaryimage","url":"https:\/\/kfeholding.com\/pl\/wp-content\/uploads\/sites\/3\/2023\/04\/KFE-Holding-office.webp","contentUrl":"https:\/\/kfeholding.com\/pl\/wp-content\/uploads\/sites\/3\/2023\/04\/KFE-Holding-office.webp","width":1540,"height":1000,"caption":"Biuro KFE Holding"},{"@type":"BreadcrumbList","@id":"https:\/\/kfeholding.com\/pl\/marki\/#breadcrumb","itemListElement":[{"@type":"ListItem","position":1,"name":"Home","item":"https:\/\/kfeholding.com\/pl\/"},{"@type":"ListItem","position":2,"name":"Nasze marki"}]},{"@type":"WebSite","@id":"https:\/\/kfeholding.com\/pl\/#website","url":"https:\/\/kfeholding.com\/pl\/","name":"PL","description":"Just another WordPress site","potentialAction":[{"@type":"SearchAction","target":{"@type":"EntryPoint","urlTemplate":"https:\/\/kfeholding.com\/pl\/?s={search_term_string}"},"query-input":{"@type":"PropertyValueSpecification","valueRequired":true,"valueName":"search_term_string"}}],"inLanguage":"en-US"}]}},"_links":{"self":[{"href":"https:\/\/kfeholding.com\/pl\/wp-json\/wp\/v2\/pages\/337","targetHints":{"allow":["GET"]}}],"collection":[{"href":"https:\/\/kfeholding.com\/pl\/wp-json\/wp\/v2\/pages"}],"about":[{"href":"https:\/\/kfeholding.com\/pl\/wp-json\/wp\/v2\/types\/page"}],"author":[{"embeddable":true,"href":"https:\/\/kfeholding.com\/pl\/wp-json\/wp\/v2\/users\/1"}],"replies":[{"embeddable":true,"href":"https:\/\/kfeholding.com\/pl\/wp-json\/wp\/v2\/comments?post=337"}],"version-history":[{"count":255,"href":"https:\/\/kfeholding.com\/pl\/wp-json\/wp\/v2\/pages\/337\/revisions"}],"predecessor-version":[{"id":2281,"href":"https:\/\/kfeholding.com\/pl\/wp-json\/wp\/v2\/pages\/337\/revisions\/2281"}],"wp:featuredmedia":[{"embeddable":true,"href":"https:\/\/kfeholding.com\/pl\/wp-json\/wp\/v2\/media\/1601"}],"wp:attachment":[{"href":"https:\/\/kfeholding.com\/pl\/wp-json\/wp\/v2\/media?parent=337"}],"curies":[{"name":"wp","href":"https:\/\/api.w.org\/{rel}","templated":true}]}}