{"id":3,"date":"2022-03-02T09:50:24","date_gmt":"2022-03-02T09:50:24","guid":{"rendered":"http:\/\/kfeholding.com\/pl\/?page_id=3"},"modified":"2023-09-06T10:29:57","modified_gmt":"2023-09-06T10:29:57","slug":"polityka-cookies","status":"publish","type":"page","link":"https:\/\/kfeholding.com\/pl\/polityka-cookies\/","title":{"rendered":"Privacy Policy"},"content":{"rendered":"<p><b>Polityka plik\u00f3w \u201ecookies\u201d<\/b><\/p>\n<p><span style=\"font-weight: 400;\">Niniejsza Polityka dotyczy plik\u00f3w \u201ecookies\u201d i odnosi si\u0119 do strony internetowej dzia\u0142aj\u0105cej pod adresem: http:\/\/www.kfeholding.com, dla kt\u00f3rej operatorem jest <\/span><b>KFE Holding sp\u00f3\u0142ka z\u00a0ograniczon\u0105 odpowiedzialno\u015bci\u0105<\/b><span style=\"font-weight: 400;\"> z siedzib\u0105 przy ul. Czerniakowskiej 71, 00-727 Warszawa, KRS: 0000255059 (zwana dalej: \u201e<\/span><b>KFE Holding<\/b><span style=\"font-weight: 400;\">\u201d).<\/span><\/p>\n<ul>\n<li aria-level=\"1\"><b>Czym s\u0105 pliki \u201ecookies\u201d?<\/b><\/li>\n<\/ul>\n<p><span style=\"font-weight: 400;\">Poprzez pliki \u201ecookies\u201d rozumie si\u0119 dane informatyczne, tj. w szczeg\u00f3lno\u015bci pliki w formacie tekstowym, przechowywane w urz\u0105dzeniach ko\u0144cowych u\u017cytkownik\u00f3w (komputer, telefon, tablet etc.), przesy\u0142ane przez stron\u0119 internetow\u0105. Pliki te pozwalaj\u0105 rozpozna\u0107 urz\u0105dzenie u\u017cytkownika i\u00a0odpowiednio wy\u015bwietli\u0107 stron\u0119 internetow\u0105 dostosowan\u0105 do jego indywidualnych preferencji, umo\u017cliwiaj\u0105 wy\u015bwietlenie strony internetowej w j\u0119zyku u\u017cytkownika skonfigurowanym przez te pliki, a tak\u017ce wykorzystanie innych ustawie\u0144 strony internetowej wybranych przez u\u017cytkownika.\u00a0<\/span><\/p>\n<p><span style=\"font-weight: 400;\">\u201eCookies\u201d co do zasady zawieraj\u0105 nazw\u0119 strony internetowej z kt\u00f3rej pochodz\u0105, czas przechowywania ich na urz\u0105dzeniu ko\u0144cowym oraz unikalny numer.\u00a0<\/span><\/p>\n<ul>\n<li aria-level=\"1\"><b>Czy pliki \u201ecookies\u201d zawieraj\u0105 dane osobowe<\/b><\/li>\n<\/ul>\n<p><span style=\"font-weight: 400;\">Co do zasady pliki \u201ecookies\u201d nie stanowi\u0105 danych osobowych.\u00a0<\/span><\/p>\n<p><span style=\"font-weight: 400;\">Jednak pewne informacje przechowywane w plikach \u201ecookies\u201d (np. co do preferencji), zw\u0142aszcza w\u00a0po\u0142\u0105czeniu z innymi informacjami o u\u017cytkowniku stron internetowych, mog\u0105 by\u0107 traktowane jako dane osobowe.\u00a0<\/span><\/p>\n<p><span style=\"font-weight: 400;\">Dane osobowe gromadzone przy u\u017cyciu plik\u00f3w \u201ecookies\u201d s\u0105 przetwarzane wy\u0142\u0105cznie w celu wykonywania okre\u015blonych funkcji na rzecz u\u017cytkownika, opisanych poni\u017cej w punkcie 4.<\/span><span style=\"font-weight: 400;\">\u00a0<\/span><\/p>\n<p><span style=\"font-weight: 400;\">Takie dane s\u0105 zaszyfrowane w spos\u00f3b uniemo\u017cliwiaj\u0105cy dost\u0119p do nich osobom nieuprawnionym.<\/span><b>\u00a0<\/b><\/p>\n<ul>\n<li aria-level=\"1\"><b>Do czego u\u017cywamy plik\u00f3w \u201ecookies\u201d?<\/b><\/li>\n<\/ul>\n<p><span style=\"font-weight: 400;\">Pliki \u201ecookies\u201d u\u017cywane s\u0105 w celu dostosowania zawarto\u015bci stron internetowych do preferencji i\u00a0urz\u0105dzenia u\u017cytkownika oraz optymalizacji korzystania ze stron internetowych. Pliki te umo\u017cliwiaj\u0105 zapisanie wybor\u00f3w u\u017cytkownika co do:\u00a0<\/span><\/p>\n<ol>\n<li style=\"font-weight: 400;\" aria-level=\"1\"><span style=\"font-weight: 400;\">rezygnacji z profilowanych reklam,<\/span><\/li>\n<li style=\"font-weight: 400;\" aria-level=\"1\"><span style=\"font-weight: 400;\">j\u0119zyka,\u00a0<\/span><\/li>\n<li style=\"font-weight: 400;\" aria-level=\"1\"><span style=\"font-weight: 400;\">przegl\u0105darki,\u00a0<\/span><\/li>\n<li style=\"font-weight: 400;\" aria-level=\"1\"><span style=\"font-weight: 400;\">ustawie\u0144 wybranych element\u00f3w strony internetowej,<\/span><\/li>\n<\/ol>\n<p><span style=\"font-weight: 400;\">Pliki \u201ecookies\u201d u\u017cywane s\u0105 tak\u017ce do u\u0142atwienia logowania si\u0119 do konta u\u017cytkownika oraz umo\u017cliwiania przechodzenia mi\u0119dzy podstronami na stronach internetowych bez konieczno\u015bci ponownego logowania si\u0119 na ka\u017cdej podstronie.\u00a0<\/span><\/p>\n<p><span style=\"font-weight: 400;\">R\u00f3wnocze\u015bnie pliki \u201ecookies\u201d pe\u0142ni\u0105 funkcj\u0119 dodatkowej warstwy zabezpiecze\u0144 i wykorzystywane s\u0105 do zabezpieczenia stron internetowych, np. poprzez uniemo\u017cliwienie dost\u0119pu osobom nieuprawnionym.<\/span><\/p>\n<p><span style=\"font-weight: 400;\">U\u017cywane s\u0105 r\u00f3wnie\u017c w celu tworzenia anonimowych, skonsolidowanych statystyk, kt\u00f3re pomagaj\u0105 zrozumie\u0107 w jaki spos\u00f3b u\u017cytkownik korzysta ze stron internetowych co umo\u017cliwia ulepszanie ich struktury i zawarto\u015bci.<\/span><\/p>\n<p><span style=\"font-weight: 400;\">Jednocze\u015bnie przewiduje si\u0119 wyj\u0105tkow\u0105 mo\u017cliwo\u015b\u0107 incydentalnej, personalnej identyfikacji u\u017cytkownika, kt\u00f3rego zachowania zawieraj\u0105 znamiona czyn\u00f3w zabronionych.<\/span><\/p>\n<p><span style=\"font-weight: 400;\">Pliki \u201ecookies\u201d pomagaj\u0105 te\u017c zapewni\u0107 dopracowanie i sprawne dzia\u0142anie stron internetowych, w tym badanie wydajno\u015bci stron internetowych, np. poprzez badanie ruchu i wyst\u0119powanie anomalii typu rozproszonej odmowy us\u0142ugi (tzw. ataki DDoS).<\/span><\/p>\n<p><span style=\"font-weight: 400;\">Pliki \u201ecookies\u201d mog\u0105 by\u0107 tak\u017ce wykorzystywane do identyfikowania, kt\u00f3re reklamy u\u017cytkownik wy\u015bwietla\u0142, a tak\u017ce do wy\u015bwietlana reklam najtrafniej dopasowanych do aktywno\u015bci u\u017cytkownika na stronach internetowych.<\/span><\/p>\n<ul>\n<li aria-level=\"1\"><b>Jakich plik\u00f3w \u201ecookies\u201d u\u017cywamy?<\/b><\/li>\n<\/ul>\n<p><span style=\"font-weight: 400;\">Stosowane s\u0105, co do zasady, dwa rodzaje plik\u00f3w \u201ecookies\u201d \u2013 \u201esesyjne\u201d oraz \u201esta\u0142e\u201d.\u00a0<\/span><\/p>\n<p><span style=\"font-weight: 400;\">Pierwsze z nich s\u0105 plikami tymczasowymi, kt\u00f3re pozostaj\u0105 na urz\u0105dzeniu u\u017cytkownika, a\u017c do wylogowania ze strony internetowej lub wy\u0142\u0105czenia oprogramowania (przegl\u0105darki internetowej).\u00a0<\/span><\/p>\n<p><span style=\"font-weight: 400;\">\u201eSta\u0142e\u201d pliki pozostaj\u0105 na urz\u0105dzeniu u\u017cytkownika przez czas wskazany w parametrach plik\u00f3w \u201ecookies\u201d albo do momentu ich r\u0119cznego usuni\u0119cia przez u\u017cytkownika. Pliki \u201ecookies\u201d wykorzystywane przez partner\u00f3w operatora strony internetowej, w tym w szczeg\u00f3lno\u015bci u\u017cytkownik\u00f3w strony internetowej, podlegaj\u0105 ich w\u0142asnej polityce prywatno\u015bci.<\/span><\/p>\n<p><span style=\"font-weight: 400;\">Wyr\u00f3\u017cni\u0107 mo\u017cna szczeg\u00f3\u0142owy podzia\u0142 plik\u00f3w \u201ecookies\u201d, ze wzgl\u0119du na:<\/span><\/p>\n<ol>\n<li><b> niezb\u0119dno\u015b\u0107 do realizacji us\u0142ugi<\/b><\/li>\n<\/ol>\n<p><b>Niezb\u0119dne<\/b><span style=\"font-weight: 400;\">\u00a0&#8211; s\u0105 absolutnie niezb\u0119dne do prawid\u0142owego funkcjonowania strony internetowej lub funkcjonalno\u015bci z kt\u00f3rych u\u017cytkownik chce skorzysta\u0107.<\/span><\/p>\n<p><b>Funkcjonalne<\/b><span style=\"font-weight: 400;\">\u00a0&#8211; s\u0105 wa\u017cne dla dzia\u0142ania strony internetowej:<\/span><\/p>\n<ul>\n<li style=\"font-weight: 400;\" aria-level=\"1\"><span style=\"font-weight: 400;\">s\u0142u\u017c\u0105 wzbogaceniu funkcjonalno\u015bci stron internetowych; bez nich strona internetowa b\u0119dzie dzia\u0142a\u0142a poprawnie, jednak nie b\u0119dzie dostosowana do preferencji u\u017cytkownika,<\/span><\/li>\n<li style=\"font-weight: 400;\" aria-level=\"1\"><span style=\"font-weight: 400;\">s\u0142u\u017c\u0105 zapewnieniu wysokiego poziomu funkcjonalno\u015bci stron internetowych; bez nich mo\u017ce obni\u017cy\u0107 si\u0119 poziom funkcjonalno\u015bci strony internetowej, ale ich brak nie powinien uniemo\u017cliwi\u0107 zupe\u0142nego korzystania z niej,<\/span><\/li>\n<li style=\"font-weight: 400;\" aria-level=\"1\"><span style=\"font-weight: 400;\">s\u0142u\u017c\u0105 wi\u0119kszo\u015bci funkcjonalno\u015bci stron internetowych; ich zablokowanie spowoduje, \u017ce wybrane funkcje nie b\u0119d\u0105 dzia\u0142a\u0107 prawid\u0142owo.<\/span><\/li>\n<\/ul>\n<p><b>Biznesowe<\/b><span style=\"font-weight: 400;\">\u00a0&#8211; umo\u017cliwiaj\u0105 realizacj\u0119 modelu biznesowego w oparciu, o kt\u00f3ry udost\u0119pniona jest strona internetowa; ich zablokowanie nie spowoduje niedost\u0119pno\u015bci ca\u0142o\u015bci funkcjonalno\u015bci, ale mo\u017ce obni\u017cy\u0107 poziom \u015bwiadczenia us\u0142ugi ze wzgl\u0119du na brak mo\u017cliwo\u015bci realizacji przez w\u0142a\u015bciciela strony internetowej przychod\u00f3w subsydiuj\u0105cych jej dzia\u0142anie.<\/span><\/p>\n<ol>\n<li><b> Ze wzgl\u0119du na czas przez jaki \u201ecookies\u201d b\u0119d\u0105 umieszczone w urz\u0105dzeniu ko\u0144cowym u\u017cytkownika<\/b><\/li>\n<\/ol>\n<p><b>Cookies sesyjne <\/b><span style=\"font-weight: 400;\">&#8211; \u201ecookies\u201d umieszczone na czas korzystania z przegl\u0105darki (sesji) i s\u0105 wykasowane po jej zamkni\u0119ciu lub wylogowaniu si\u0119 ze strony internetowej.<\/span><\/p>\n<p><b>Cookies sta\u0142e <\/b><span style=\"font-weight: 400;\">&#8211; nie s\u0105 kasowane po zamkni\u0119ciu przegl\u0105darki i pozostaj\u0105 w urz\u0105dzeniu u\u017cytkownika na okre\u015blony czas lub bez okresu wa\u017cno\u015bci (zale\u017cy od ustawie\u0144 w\u0142a\u015bciciela strony internetowej).<\/span><\/p>\n<ol>\n<li><b> Ze wzgl\u0119du na pochodzenie \u2013 administratora stron internetowych, kt\u00f3ry zarz\u0105dza \u201ecookies\u201d<\/b><\/li>\n<\/ol>\n<p><b>Cookies w\u0142asne <\/b><span style=\"font-weight: 400;\">\u2013 \u201ecookies\u201d umieszczone na stronach internetowych bezpo\u015brednio przez KFE Holding<\/span><\/p>\n<p><b>Cookies zewn\u0119trzne <\/b><span style=\"font-weight: 400;\">\u2013 \u201ecookies umieszczane na stronach internetowych przez podmioty inne ni\u017c KFE Holding<\/span><\/p>\n<p><b>Uwaga<\/b><\/p>\n<p><span style=\"font-weight: 400;\">\u201eCookies\u201d mog\u0105 by\u0107 wywo\u0142ane przez KFE Holding za pomoc\u0105 mechanizm\u00f3w (skrypt\u00f3w i\/lub komponent\u00f3w), kt\u00f3re znajduj\u0105 si\u0119 na serwerach partnera KFE Holding, umiejscowionych w innej lokalizacji.\u00a0<\/span><\/p>\n<p><span style=\"font-weight: 400;\">W przypadku wywo\u0142ania przez KFE Holding komponent\u00f3w stron internetowych pochodz\u0105cych spoza systemu KFE Holding, mog\u0105 obowi\u0105zywa\u0107 inne standardowe zasady polityki \u201ecookies\u201d ni\u017c polityka prywatno\u015bci \/ \u201ecookies\u201d KFE Holding<\/span><\/p>\n<ol>\n<li><b> Ze wzgl\u0119du na cel jakiemu s\u0142u\u017c\u0105<\/b><\/li>\n<\/ol>\n<p><b>Konfiguracji stron internetowych<\/b><span style=\"font-weight: 400;\">\u00a0&#8211; umo\u017cliwiaj\u0105 ustawienia funkcji i us\u0142ug na stronach internetowych.<\/span><\/p>\n<p><b>Bezpiecze\u0144stwo i niezawodno\u015b\u0107 stron internetowych<\/b><span style=\"font-weight: 400;\">\u00a0&#8211; umo\u017cliwiaj\u0105 weryfikacj\u0119 autentyczno\u015bci oraz optymalizacj\u0119 wydajno\u015bci stron internetowych.<\/span><\/p>\n<p><b>Uwierzytelnianie<\/b><span style=\"font-weight: 400;\">\u00a0&#8211; umo\u017cliwiaj\u0105 informowanie, gdy u\u017cytkownik jest zalogowany, dzi\u0119ki czemu strona internetowa mo\u017ce pokazywa\u0107 odpowiednie informacje i funkcje.<\/span><\/p>\n<p><b>Stan sesji<\/b><span style=\"font-weight: 400;\">\u00a0&#8211; umo\u017cliwiaj\u0105 zapisywanie informacji o tym, jak u\u017cytkownicy korzystaj\u0105 ze strony internetowej. Mog\u0105 one dotyczy\u0107 najcz\u0119\u015bciej odwiedzanych stron lub ewentualnych komunikat\u00f3w o\u00a0b\u0142\u0119dach wy\u015bwietlanych na niekt\u00f3rych stronach. Pliki \u201ecookies\u201d s\u0142u\u017c\u0105ce do zapisywania tzw. \u201estanu sesji\u201d pomagaj\u0105 ulepsza\u0107 us\u0142ugi i zwi\u0119ksza\u0107 komfort przegl\u0105dania stron.<\/span><\/p>\n<p><b>Procesy<\/b><span style=\"font-weight: 400;\">\u00a0&#8211; umo\u017cliwiaj\u0105 sprawne dzia\u0142anie strony internetowej oraz dost\u0119pnych na niej funkcji.<\/span><\/p>\n<p><b>Reklamy<\/b><span style=\"font-weight: 400;\">\u00a0&#8211; umo\u017cliwiaj\u0105 wy\u015bwietlanie reklam, kt\u00f3re s\u0105 bardziej interesuj\u0105ce dla u\u017cytkownik\u00f3w, a\u00a0jednocze\u015bnie bardziej warto\u015bciowe dla wydawc\u00f3w i reklamodawc\u00f3w; pliki \u201ecookie\u201d mog\u0105 by\u0107 te\u017c u\u017cywane do personalizowania reklamy, a tak\u017ce do wy\u015bwietlania reklam poza stronami internetowymi.<\/span><\/p>\n<p><b>Analizy i badania, audyt ogl\u0105dalno\u015bci<\/b><span style=\"font-weight: 400;\">\u00a0&#8211; umo\u017cliwiaj\u0105 w\u0142a\u015bcicielowi stron internetowych lepiej zrozumie\u0107 preferencje ich u\u017cytkownik\u00f3w i poprzez analiz\u0119 ulepsza\u0107 i rozwija\u0107 produkty i us\u0142ugi.\u00a0<\/span><\/p>\n<p><span style=\"font-weight: 400;\">Zazwyczaj w\u0142a\u015bciciel strony internetowej lub firma badawcza zbiera anonimowo informacje i\u00a0przetwarza dane na temat trend\u00f3w, bez identyfikowania danych osobowych poszczeg\u00f3lnych u\u017cytkownik\u00f3w.<\/span><\/p>\n<ol>\n<li><b> Ze wzgl\u0119du na ingerencj\u0119 w prywatno\u015b\u0107 u\u017cytkownika<\/b><\/li>\n<\/ol>\n<p><b>Nieszkodliwe<\/b><span style=\"font-weight: 400;\">\u00a0&#8211; Obejmuje \u201ecookies\u201d:<\/span><\/p>\n<ul>\n<li style=\"font-weight: 400;\" aria-level=\"1\"><span style=\"font-weight: 400;\">niezb\u0119dne do poprawnego dzia\u0142ania strony internetowej,<\/span><\/li>\n<li style=\"font-weight: 400;\" aria-level=\"1\"><span style=\"font-weight: 400;\">potrzebne do umo\u017cliwienia dzia\u0142ania funkcjonalno\u015bci strony internetowej, jednak ich dzia\u0142anie nie ma nic wsp\u00f3lnego ze \u015bledzeniem u\u017cytkownika<\/span><\/li>\n<\/ul>\n<p><b>Badaj\u0105ce<\/b><span style=\"font-weight: 400;\">\u00a0&#8211; wykorzystywane do \u015bledzenia u\u017cytkownik\u00f3w, jednak nieobejmuj\u0105ce informacji pozwalaj\u0105cych (bez innych danych) zidentyfikowa\u0107 konkretnego u\u017cytkownika.<\/span><\/p>\n<ul>\n<li aria-level=\"1\"><b>Usuwanie plik\u00f3w \u201ecookies\u201d<\/b><\/li>\n<\/ul>\n<p><span style=\"font-weight: 400;\">Uprawnienie KFE Holding do przechowywania i uzyskiwania dost\u0119pu do plik\u00f3w \u201ecookies\u201d wynika ze zgody wyra\u017conej przez u\u017cytkownika stron internetowych.\u00a0<\/span><\/p>\n<p><span style=\"font-weight: 400;\">Zgoda ta wyra\u017cana jest przez u\u017cytkownika podczas dokonywania konfiguracji przegl\u0105darki internetowej lub wybranej strony internetowej lub us\u0142ugi. U\u017cytkownik ma mo\u017cliwo\u015b\u0107 powrotu do tych ustawie\u0144 w\u00a0ka\u017cdej chwili i okre\u015blenia warunk\u00f3w przechowywania lub uzyskiwania dost\u0119pu do tych informacji przez KFE Holding<\/span><\/p>\n<p><span style=\"font-weight: 400;\">Standardowo oprogramowanie s\u0142u\u017c\u0105ce do przegl\u0105dania stron internetowych domy\u015blnie dopuszcza umieszczanie plik\u00f3w \u201ecookies\u201d na urz\u0105dzeniu ko\u0144cowym.\u00a0<\/span><\/p>\n<p><span style=\"font-weight: 400;\">Ustawienia te mog\u0105 zosta\u0107 zmienione w taki spos\u00f3b, aby blokowa\u0107 automatyczn\u0105 obs\u0142ug\u0119 plik\u00f3w \u201ecookies\u201d w ustawieniach przegl\u0105darki internetowej b\u0105d\u017a informowa\u0107 o ich ka\u017cdorazowym przes\u0142aniu na urz\u0105dzenie u\u017cytkownika.\u00a0<\/span><\/p>\n<p><span style=\"font-weight: 400;\">Poni\u017cej znajduj\u0105 si\u0119 odno\u015bniki do stron r\u00f3\u017cnych przegl\u0105darek z instrukcjami dotycz\u0105cymi cookies, w\u00a0tym sposob\u00f3w ich usuwania:<\/span><\/p>\n<ol>\n<li style=\"font-weight: 400;\" aria-level=\"1\"><a href=\"https:\/\/support.google.com\/chrome\/answer\/95647?co=GENIE.Platform%3DDesktop&amp;hl=pl\"><span style=\"font-weight: 400;\">Chrome<\/span><\/a><\/li>\n<li style=\"font-weight: 400;\" aria-level=\"1\"><a href=\"https:\/\/support.microsoft.com\/pl-pl\/help\/10607\/microsoft-edge-view-delete-browser-history\"><span style=\"font-weight: 400;\">Edge<\/span><\/a><\/li>\n<li style=\"font-weight: 400;\" aria-level=\"1\"><a href=\"https:\/\/help.opera.com\/pl\/latest\/web-preferences\/#cookies\"><span style=\"font-weight: 400;\">Opera<\/span><\/a><\/li>\n<li style=\"font-weight: 400;\" aria-level=\"1\"><a href=\"https:\/\/support.microsoft.com\/pl-pl\/help\/278835\/how-to-delete-cookie-files-in-internet-explorer\"><span style=\"font-weight: 400;\">Internet Explorer<\/span><\/a><\/li>\n<li style=\"font-weight: 400;\" aria-level=\"1\"><a href=\"https:\/\/support.apple.com\/pl-pl\/guide\/safari\/sfri11471\/mac\"><span style=\"font-weight: 400;\">Safari<\/span><\/a><\/li>\n<li style=\"font-weight: 400;\" aria-level=\"1\"><a href=\"https:\/\/support.mozilla.org\/pl\/kb\/usuwanie-ciasteczek\"><span style=\"font-weight: 400;\">Firefox<\/span><\/a><\/li>\n<\/ol>\n<p><span style=\"font-weight: 400;\">Aby skorzysta\u0107 z prawa sprzeciwu, kt\u00f3re przyznaje Rozporz\u0105dzenie Parlamentu Europejskiego i Rady (UE) 2016\/679 z dnia 27 kwietnia 2016 r. w sprawie ochrony os\u00f3b fizycznych w zwi\u0105zku z przetwarzaniem danych osobowych i w sprawie swobodnego przep\u0142ywu takich danych oraz uchylenia dyrektywy 95\/46\/WE (og\u00f3lne rozporz\u0105dzenie o\u00a0ochronie danych) konieczne jest wylogowanie si\u0119 ze wszystkich urz\u0105dze\u0144 i usuni\u0119cie z nich plik\u00f3w \u201ecookies\u201d.<\/span><\/p>\n<p><span style=\"font-weight: 400;\">Proces aktualizacji co do zasady jest natychmiastowy, nie mniej nie mo\u017cemy wykluczy\u0107 sytuacji nieprzewidzianych, kt\u00f3re spowoduj\u0105 wyd\u0142u\u017cenie procesu aktualizacji.\u00a0<\/span><\/p>\n<p><span style=\"font-weight: 400;\">Ograniczenie stosowania plik\u00f3w \u201ecookies\u201d mo\u017ce wp\u0142yn\u0105\u0107 na niekt\u00f3re funkcjonalno\u015bci dost\u0119pne na stronie internetowej.<\/span><\/p>\n<p><span style=\"font-weight: 400;\">Je\u017celi powy\u017csze informacje nie wyczerpuj\u0105 dla Pa\u0144stwa tematyki stosowanych \u201ecookies\u201d gor\u0105co zach\u0119camy do zapoznania si\u0119 dodatkowo ze stron\u0105: <\/span><a href=\"http:\/\/wszystkoociasteczkach.pl\"><span style=\"font-weight: 400;\">http:\/\/wszystkoociasteczkach.pl<\/span><\/a><span style=\"font-weight: 400;\"> kt\u00f3ra w spos\u00f3b syntetyczny opisuje ca\u0142y proces gromadzenia w\/w danych.<\/span><\/p>\n\n\n<p><\/p>\n\n\n\n<p><\/p>\n\n\n\n<p><\/p>\n\n\n\n<p><\/p>\n\n\n\n<p><\/p>\n\n\n\n<p><\/p>\n","protected":false},"excerpt":{"rendered":"<p>Polityka plik\u00f3w \u201ecookies\u201d Niniejsza Polityka dotyczy plik\u00f3w \u201ecookies\u201d i odnosi si\u0119 do strony internetowej dzia\u0142aj\u0105cej pod adresem: http:\/\/www.kfeholding.com, dla kt\u00f3rej operatorem jest KFE Holding sp\u00f3\u0142ka z\u00a0ograniczon\u0105 odpowiedzialno\u015bci\u0105 z siedzib\u0105 przy ul. Czerniakowskiej 71, 00-727 Warszawa, KRS: 0000255059 (zwana dalej: \u201eKFE Holding\u201d). Czym s\u0105 pliki \u201ecookies\u201d? Poprzez pliki \u201ecookies\u201d rozumie si\u0119 dane informatyczne, tj. w szczeg\u00f3lno\u015bci [&hellip;]<\/p>\n","protected":false},"author":1,"featured_media":0,"parent":0,"menu_order":0,"comment_status":"closed","ping_status":"open","template":"single-terms.php","meta":{"_acf_changed":false,"footnotes":""},"class_list":["post-3","page","type-page","status-publish","hentry"],"acf":[],"yoast_head":"<!-- This site is optimized with the Yoast SEO plugin v27.3 - https:\/\/yoast.com\/product\/yoast-seo-wordpress\/ -->\n<title>Polityka cookies | KFE Holding<\/title>\n<meta name=\"robots\" content=\"index, follow, max-snippet:-1, max-image-preview:large, max-video-preview:-1\" \/>\n<meta property=\"og:locale\" content=\"en_US\" \/>\n<meta property=\"og:type\" content=\"article\" \/>\n<meta property=\"og:title\" content=\"Polityka cookies | KFE Holding\" \/>\n<meta property=\"og:description\" content=\"Polityka plik\u00f3w \u201ecookies\u201d Niniejsza Polityka dotyczy plik\u00f3w \u201ecookies\u201d i odnosi si\u0119 do strony internetowej dzia\u0142aj\u0105cej pod adresem: http:\/\/www.kfeholding.com, dla kt\u00f3rej operatorem jest KFE Holding sp\u00f3\u0142ka z\u00a0ograniczon\u0105 odpowiedzialno\u015bci\u0105 z siedzib\u0105 przy ul. Czerniakowskiej 71, 00-727 Warszawa, KRS: 0000255059 (zwana dalej: \u201eKFE Holding\u201d). Czym s\u0105 pliki \u201ecookies\u201d? Poprzez pliki \u201ecookies\u201d rozumie si\u0119 dane informatyczne, tj. w szczeg\u00f3lno\u015bci [&hellip;]\" \/>\n<meta property=\"og:url\" content=\"https:\/\/kfeholding.com\/pl\/polityka-cookies\/\" \/>\n<meta property=\"og:site_name\" content=\"PL\" \/>\n<meta property=\"article:modified_time\" content=\"2023-09-06T10:29:57+00:00\" \/>\n<meta name=\"twitter:card\" content=\"summary_large_image\" \/>\n<meta name=\"twitter:label1\" content=\"Est. reading time\" \/>\n\t<meta name=\"twitter:data1\" content=\"6 minutes\" \/>\n<script type=\"application\/ld+json\" class=\"yoast-schema-graph\">{\"@context\":\"https:\\\/\\\/schema.org\",\"@graph\":[{\"@type\":\"WebPage\",\"@id\":\"https:\\\/\\\/kfeholding.com\\\/pl\\\/polityka-cookies\\\/\",\"url\":\"https:\\\/\\\/kfeholding.com\\\/pl\\\/polityka-cookies\\\/\",\"name\":\"Polityka cookies | KFE Holding\",\"isPartOf\":{\"@id\":\"https:\\\/\\\/kfeholding.com\\\/pl\\\/#website\"},\"datePublished\":\"2022-03-02T09:50:24+00:00\",\"dateModified\":\"2023-09-06T10:29:57+00:00\",\"breadcrumb\":{\"@id\":\"https:\\\/\\\/kfeholding.com\\\/pl\\\/polityka-cookies\\\/#breadcrumb\"},\"inLanguage\":\"en-US\",\"potentialAction\":[{\"@type\":\"ReadAction\",\"target\":[\"https:\\\/\\\/kfeholding.com\\\/pl\\\/polityka-cookies\\\/\"]}]},{\"@type\":\"BreadcrumbList\",\"@id\":\"https:\\\/\\\/kfeholding.com\\\/pl\\\/polityka-cookies\\\/#breadcrumb\",\"itemListElement\":[{\"@type\":\"ListItem\",\"position\":1,\"name\":\"Home\",\"item\":\"https:\\\/\\\/kfeholding.com\\\/pl\\\/\"},{\"@type\":\"ListItem\",\"position\":2,\"name\":\"Privacy Policy\"}]},{\"@type\":\"WebSite\",\"@id\":\"https:\\\/\\\/kfeholding.com\\\/pl\\\/#website\",\"url\":\"https:\\\/\\\/kfeholding.com\\\/pl\\\/\",\"name\":\"PL\",\"description\":\"Just another WordPress site\",\"potentialAction\":[{\"@type\":\"SearchAction\",\"target\":{\"@type\":\"EntryPoint\",\"urlTemplate\":\"https:\\\/\\\/kfeholding.com\\\/pl\\\/?s={search_term_string}\"},\"query-input\":{\"@type\":\"PropertyValueSpecification\",\"valueRequired\":true,\"valueName\":\"search_term_string\"}}],\"inLanguage\":\"en-US\"}]}<\/script>\n<!-- \/ Yoast SEO plugin. -->","yoast_head_json":{"title":"Polityka cookies | KFE Holding","robots":{"index":"index","follow":"follow","max-snippet":"max-snippet:-1","max-image-preview":"max-image-preview:large","max-video-preview":"max-video-preview:-1"},"og_locale":"en_US","og_type":"article","og_title":"Polityka cookies | KFE Holding","og_description":"Polityka plik\u00f3w \u201ecookies\u201d Niniejsza Polityka dotyczy plik\u00f3w \u201ecookies\u201d i odnosi si\u0119 do strony internetowej dzia\u0142aj\u0105cej pod adresem: http:\/\/www.kfeholding.com, dla kt\u00f3rej operatorem jest KFE Holding sp\u00f3\u0142ka z\u00a0ograniczon\u0105 odpowiedzialno\u015bci\u0105 z siedzib\u0105 przy ul. Czerniakowskiej 71, 00-727 Warszawa, KRS: 0000255059 (zwana dalej: \u201eKFE Holding\u201d). Czym s\u0105 pliki \u201ecookies\u201d? Poprzez pliki \u201ecookies\u201d rozumie si\u0119 dane informatyczne, tj. w szczeg\u00f3lno\u015bci [&hellip;]","og_url":"https:\/\/kfeholding.com\/pl\/polityka-cookies\/","og_site_name":"PL","article_modified_time":"2023-09-06T10:29:57+00:00","twitter_card":"summary_large_image","twitter_misc":{"Est. reading time":"6 minutes"},"schema":{"@context":"https:\/\/schema.org","@graph":[{"@type":"WebPage","@id":"https:\/\/kfeholding.com\/pl\/polityka-cookies\/","url":"https:\/\/kfeholding.com\/pl\/polityka-cookies\/","name":"Polityka cookies | KFE Holding","isPartOf":{"@id":"https:\/\/kfeholding.com\/pl\/#website"},"datePublished":"2022-03-02T09:50:24+00:00","dateModified":"2023-09-06T10:29:57+00:00","breadcrumb":{"@id":"https:\/\/kfeholding.com\/pl\/polityka-cookies\/#breadcrumb"},"inLanguage":"en-US","potentialAction":[{"@type":"ReadAction","target":["https:\/\/kfeholding.com\/pl\/polityka-cookies\/"]}]},{"@type":"BreadcrumbList","@id":"https:\/\/kfeholding.com\/pl\/polityka-cookies\/#breadcrumb","itemListElement":[{"@type":"ListItem","position":1,"name":"Home","item":"https:\/\/kfeholding.com\/pl\/"},{"@type":"ListItem","position":2,"name":"Privacy Policy"}]},{"@type":"WebSite","@id":"https:\/\/kfeholding.com\/pl\/#website","url":"https:\/\/kfeholding.com\/pl\/","name":"PL","description":"Just another WordPress site","potentialAction":[{"@type":"SearchAction","target":{"@type":"EntryPoint","urlTemplate":"https:\/\/kfeholding.com\/pl\/?s={search_term_string}"},"query-input":{"@type":"PropertyValueSpecification","valueRequired":true,"valueName":"search_term_string"}}],"inLanguage":"en-US"}]}},"_links":{"self":[{"href":"https:\/\/kfeholding.com\/pl\/wp-json\/wp\/v2\/pages\/3","targetHints":{"allow":["GET"]}}],"collection":[{"href":"https:\/\/kfeholding.com\/pl\/wp-json\/wp\/v2\/pages"}],"about":[{"href":"https:\/\/kfeholding.com\/pl\/wp-json\/wp\/v2\/types\/page"}],"author":[{"embeddable":true,"href":"https:\/\/kfeholding.com\/pl\/wp-json\/wp\/v2\/users\/1"}],"replies":[{"embeddable":true,"href":"https:\/\/kfeholding.com\/pl\/wp-json\/wp\/v2\/comments?post=3"}],"version-history":[{"count":10,"href":"https:\/\/kfeholding.com\/pl\/wp-json\/wp\/v2\/pages\/3\/revisions"}],"predecessor-version":[{"id":1856,"href":"https:\/\/kfeholding.com\/pl\/wp-json\/wp\/v2\/pages\/3\/revisions\/1856"}],"wp:attachment":[{"href":"https:\/\/kfeholding.com\/pl\/wp-json\/wp\/v2\/media?parent=3"}],"curies":[{"name":"wp","href":"https:\/\/api.w.org\/{rel}","templated":true}]}}